{"id":50,"date":"2021-03-18T17:36:59","date_gmt":"2021-03-18T16:36:59","guid":{"rendered":"https:\/\/vackra.vidsel.se\/?page_id=50"},"modified":"2022-02-03T22:13:00","modified_gmt":"2022-02-03T21:13:00","slug":"__trashed","status":"publish","type":"page","link":"https:\/\/vackra.vidsel.se\/?page_id=50","title":{"rendered":"Bygdef\u00f6reningen"},"content":{"rendered":"\t\t<div data-elementor-type=\"wp-page\" data-elementor-id=\"50\" class=\"elementor elementor-50\" data-elementor-settings=\"[]\">\n\t\t\t\t\t\t\t<div class=\"elementor-section-wrap\">\n\t\t\t\t\t\t\t<section class=\"elementor-section elementor-top-section elementor-element elementor-element-4c04e933 elementor-section-height-min-height elementor-section-boxed elementor-section-height-default elementor-section-items-middle\" data-id=\"4c04e933\" data-element_type=\"section\" data-settings=\"{&quot;background_background&quot;:&quot;classic&quot;}\">\n\t\t\t\t\t\t\t<div class=\"elementor-background-overlay\"><\/div>\n\t\t\t\t\t\t\t<div class=\"elementor-container elementor-column-gap-default\">\n\t\t\t\t\t<div class=\"elementor-column elementor-col-100 elementor-top-column elementor-element elementor-element-12cd72bf\" data-id=\"12cd72bf\" data-element_type=\"column\">\n\t\t\t<div class=\"elementor-widget-wrap elementor-element-populated\">\n\t\t\t\t\t\t\t\t<div class=\"elementor-element elementor-element-32303f24 elementor-widget elementor-widget-heading\" data-id=\"32303f24\" data-element_type=\"widget\" data-widget_type=\"heading.default\">\n\t\t\t\t<div class=\"elementor-widget-container\">\n\t\t\t<h2 class=\"elementor-heading-title elementor-size-large\">Bygdef\u00f6reningen<\/h2>\t\t<\/div>\n\t\t\t\t<\/div>\n\t\t\t\t<div class=\"elementor-element elementor-element-63f518ec elementor-widget-divider--view-line elementor-widget elementor-widget-divider\" data-id=\"63f518ec\" data-element_type=\"widget\" data-widget_type=\"divider.default\">\n\t\t\t\t<div class=\"elementor-widget-container\">\n\t\t\t\t\t<div class=\"elementor-divider\">\n\t\t\t<span class=\"elementor-divider-separator\">\n\t\t\t\t\t\t<\/span>\n\t\t<\/div>\n\t\t\t\t<\/div>\n\t\t\t\t<\/div>\n\t\t\t\t<div class=\"elementor-element elementor-element-7707c0f0 elementor-widget elementor-widget-text-editor\" data-id=\"7707c0f0\" data-element_type=\"widget\" data-widget_type=\"text-editor.default\">\n\t\t\t\t<div class=\"elementor-widget-container\">\n\t\t\t\t\t<div class=\"elementor-text-editor elementor-clearfix\"><p>En f\u00f6rening som verkar f\u00f6r byn och dess inv\u00e5nare<\/p><\/div>\n\t\t\t\t<\/div>\n\t\t\t\t<\/div>\n\t\t\t\t\t<\/div>\n\t\t<\/div>\n\t\t\t\t\t\t\t<\/div>\n\t\t<\/section>\n\t\t\t\t<section class=\"elementor-section elementor-top-section elementor-element elementor-element-d95246d elementor-section-boxed elementor-section-height-default elementor-section-height-default\" data-id=\"d95246d\" data-element_type=\"section\">\n\t\t\t\t\t\t<div class=\"elementor-container elementor-column-gap-default\">\n\t\t\t\t\t<div class=\"elementor-column elementor-col-100 elementor-top-column elementor-element elementor-element-7df8faa\" data-id=\"7df8faa\" data-element_type=\"column\">\n\t\t\t<div class=\"elementor-widget-wrap elementor-element-populated\">\n\t\t\t\t\t\t\t\t<div class=\"elementor-element elementor-element-1f63677 elementor-widget elementor-widget-spacer\" data-id=\"1f63677\" data-element_type=\"widget\" data-widget_type=\"spacer.default\">\n\t\t\t\t<div class=\"elementor-widget-container\">\n\t\t\t\t\t<div class=\"elementor-spacer\">\n\t\t\t<div class=\"elementor-spacer-inner\"><\/div>\n\t\t<\/div>\n\t\t\t\t<\/div>\n\t\t\t\t<\/div>\n\t\t\t\t\t<\/div>\n\t\t<\/div>\n\t\t\t\t\t\t\t<\/div>\n\t\t<\/section>\n\t\t\t\t<section class=\"elementor-section elementor-top-section elementor-element elementor-element-1ba50f2 elementor-section-boxed elementor-section-height-default elementor-section-height-default\" data-id=\"1ba50f2\" data-element_type=\"section\">\n\t\t\t\t\t\t<div class=\"elementor-container elementor-column-gap-default\">\n\t\t\t\t\t<div class=\"elementor-column elementor-col-100 elementor-top-column elementor-element elementor-element-5782546\" data-id=\"5782546\" data-element_type=\"column\">\n\t\t\t<div class=\"elementor-widget-wrap elementor-element-populated\">\n\t\t\t\t\t\t\t\t<div class=\"elementor-element elementor-element-5c564e2 elementor-widget elementor-widget-heading\" data-id=\"5c564e2\" data-element_type=\"widget\" data-widget_type=\"heading.default\">\n\t\t\t\t<div class=\"elementor-widget-container\">\n\t\t\t<h2 class=\"elementor-heading-title elementor-size-default\">Vidsels Bygdef\u00f6rening<\/h2>\t\t<\/div>\n\t\t\t\t<\/div>\n\t\t\t\t\t<\/div>\n\t\t<\/div>\n\t\t\t\t\t\t\t<\/div>\n\t\t<\/section>\n\t\t\t\t<section class=\"elementor-section elementor-top-section elementor-element elementor-element-3155185 elementor-section-boxed elementor-section-height-default elementor-section-height-default\" data-id=\"3155185\" data-element_type=\"section\">\n\t\t\t\t\t\t<div class=\"elementor-container elementor-column-gap-default\">\n\t\t\t\t\t<div class=\"elementor-column elementor-col-50 elementor-top-column elementor-element elementor-element-db78c7b\" data-id=\"db78c7b\" data-element_type=\"column\">\n\t\t\t<div class=\"elementor-widget-wrap elementor-element-populated\">\n\t\t\t\t\t\t\t\t<div class=\"elementor-element elementor-element-6c57dcb elementor-widget elementor-widget-text-editor\" data-id=\"6c57dcb\" data-element_type=\"widget\" data-widget_type=\"text-editor.default\">\n\t\t\t\t<div class=\"elementor-widget-container\">\n\t\t\t\t\t<div class=\"elementor-text-editor elementor-clearfix\"><p>Vidsels Bygdef\u00f6rening bildades 1981 och har som syfte att genom aktiva insatser v\u00e4rna om den egna bygdens fortlevnad och positiva utveckling. F\u00f6reningen anordnar m\u00e5nga olika event och aktiviteter i Vidsel b\u00e5de f\u00f6r byns inv\u00e5nare och andra bes\u00f6kare.<\/p><p>Vill du l\u00e4sa mer om Vidsels Bygdef\u00f6rening, kommande event eller hur du kan boka f\u00f6reningens lokaler, bes\u00f6k Bygdef\u00f6reningen p\u00e5 Facebook eller hemsidan.<\/p><\/div>\n\t\t\t\t<\/div>\n\t\t\t\t<\/div>\n\t\t\t\t\t<\/div>\n\t\t<\/div>\n\t\t\t\t<div class=\"elementor-column elementor-col-50 elementor-top-column elementor-element elementor-element-f9abaa6\" data-id=\"f9abaa6\" data-element_type=\"column\">\n\t\t\t<div class=\"elementor-widget-wrap elementor-element-populated\">\n\t\t\t\t\t\t\t\t<div class=\"elementor-element elementor-element-6794e5e elementor-widget elementor-widget-image\" data-id=\"6794e5e\" data-element_type=\"widget\" data-widget_type=\"image.default\">\n\t\t\t\t<div class=\"elementor-widget-container\">\n\t\t\t\t\t<div class=\"elementor-image\">\n\t\t\t\t\t\t\t\t\t\t<img width=\"1024\" height=\"551\" src=\"https:\/\/vackra.vidsel.se\/wp-content\/uploads\/2021\/11\/Vidsels-Bygdeforening-ny-logga-1024x551.png\" class=\"attachment-large size-large\" alt=\"\" loading=\"lazy\" srcset=\"https:\/\/vackra.vidsel.se\/wp-content\/uploads\/2021\/11\/Vidsels-Bygdeforening-ny-logga-1024x551.png 1024w, https:\/\/vackra.vidsel.se\/wp-content\/uploads\/2021\/11\/Vidsels-Bygdeforening-ny-logga-300x161.png 300w, https:\/\/vackra.vidsel.se\/wp-content\/uploads\/2021\/11\/Vidsels-Bygdeforening-ny-logga-768x413.png 768w, https:\/\/vackra.vidsel.se\/wp-content\/uploads\/2021\/11\/Vidsels-Bygdeforening-ny-logga-1536x826.png 1536w, https:\/\/vackra.vidsel.se\/wp-content\/uploads\/2021\/11\/Vidsels-Bygdeforening-ny-logga-2048x1101.png 2048w\" sizes=\"(max-width: 1024px) 100vw, 1024px\" \/>\t\t\t\t\t\t\t\t\t\t\t<\/div>\n\t\t\t\t<\/div>\n\t\t\t\t<\/div>\n\t\t\t\t\t<\/div>\n\t\t<\/div>\n\t\t\t\t\t\t\t<\/div>\n\t\t<\/section>\n\t\t\t\t<section class=\"elementor-section elementor-top-section elementor-element elementor-element-8e4f6c3 elementor-section-boxed elementor-section-height-default elementor-section-height-default\" data-id=\"8e4f6c3\" data-element_type=\"section\">\n\t\t\t\t\t\t<div class=\"elementor-container elementor-column-gap-default\">\n\t\t\t\t\t<div class=\"elementor-column elementor-col-33 elementor-top-column elementor-element elementor-element-dee36a1\" data-id=\"dee36a1\" data-element_type=\"column\">\n\t\t\t<div class=\"elementor-widget-wrap elementor-element-populated\">\n\t\t\t\t\t\t\t\t<div class=\"elementor-element elementor-element-a419bdb elementor-align-left elementor-widget elementor-widget-button\" data-id=\"a419bdb\" data-element_type=\"widget\" data-widget_type=\"button.default\">\n\t\t\t\t<div class=\"elementor-widget-container\">\n\t\t\t\t\t<div class=\"elementor-button-wrapper\">\n\t\t\t<a href=\"https:\/\/sv-se.facebook.com\/pages\/category\/Community-Organization\/Vidsels-Bygdef%C3%B6rening-786321161499972\/\" target=\"_blank\" class=\"elementor-button-link elementor-button elementor-size-sm elementor-animation-grow-rotate\" role=\"button\">\n\t\t\t\t\t\t<span class=\"elementor-button-content-wrapper\">\n\t\t\t\t\t\t<span class=\"elementor-button-icon elementor-align-icon-right\">\n\t\t\t\t<i aria-hidden=\"true\" class=\"fas fa-angle-double-right\"><\/i>\t\t\t<\/span>\n\t\t\t\t\t\t<span class=\"elementor-button-text\">Facebook<\/span>\n\t\t<\/span>\n\t\t\t\t\t<\/a>\n\t\t<\/div>\n\t\t\t\t<\/div>\n\t\t\t\t<\/div>\n\t\t\t\t\t<\/div>\n\t\t<\/div>\n\t\t\t\t<div class=\"elementor-column elementor-col-33 elementor-top-column elementor-element elementor-element-55c70ef\" data-id=\"55c70ef\" data-element_type=\"column\">\n\t\t\t<div class=\"elementor-widget-wrap elementor-element-populated\">\n\t\t\t\t\t\t\t\t<div class=\"elementor-element elementor-element-12ecc7c elementor-align-left elementor-widget elementor-widget-button\" data-id=\"12ecc7c\" data-element_type=\"widget\" data-widget_type=\"button.default\">\n\t\t\t\t<div class=\"elementor-widget-container\">\n\t\t\t\t\t<div class=\"elementor-button-wrapper\">\n\t\t\t<a href=\"http:\/\/bygdeforeningen.vidsel.se\" target=\"_blank\" class=\"elementor-button-link elementor-button elementor-size-sm elementor-animation-grow-rotate\" role=\"button\">\n\t\t\t\t\t\t<span class=\"elementor-button-content-wrapper\">\n\t\t\t\t\t\t<span class=\"elementor-button-icon elementor-align-icon-right\">\n\t\t\t\t<i aria-hidden=\"true\" class=\"fas fa-angle-double-right\"><\/i>\t\t\t<\/span>\n\t\t\t\t\t\t<span class=\"elementor-button-text\">Bygdeforeningen.vidsel.se<\/span>\n\t\t<\/span>\n\t\t\t\t\t<\/a>\n\t\t<\/div>\n\t\t\t\t<\/div>\n\t\t\t\t<\/div>\n\t\t\t\t\t<\/div>\n\t\t<\/div>\n\t\t\t\t<div class=\"elementor-column elementor-col-33 elementor-top-column elementor-element elementor-element-7c68b96\" data-id=\"7c68b96\" data-element_type=\"column\">\n\t\t\t<div class=\"elementor-widget-wrap\">\n\t\t\t\t\t\t\t\t\t<\/div>\n\t\t<\/div>\n\t\t\t\t\t\t\t<\/div>\n\t\t<\/section>\n\t\t\t\t<section class=\"elementor-section elementor-top-section elementor-element elementor-element-52b177d elementor-section-boxed elementor-section-height-default elementor-section-height-default\" data-id=\"52b177d\" data-element_type=\"section\">\n\t\t\t\t\t\t<div class=\"elementor-container elementor-column-gap-default\">\n\t\t\t\t\t<div class=\"elementor-column elementor-col-100 elementor-top-column elementor-element elementor-element-33eb4e4\" data-id=\"33eb4e4\" data-element_type=\"column\">\n\t\t\t<div class=\"elementor-widget-wrap elementor-element-populated\">\n\t\t\t\t\t\t\t\t<div class=\"elementor-element elementor-element-6ac6661 elementor-widget elementor-widget-spacer\" data-id=\"6ac6661\" data-element_type=\"widget\" data-widget_type=\"spacer.default\">\n\t\t\t\t<div class=\"elementor-widget-container\">\n\t\t\t\t\t<div class=\"elementor-spacer\">\n\t\t\t<div class=\"elementor-spacer-inner\"><\/div>\n\t\t<\/div>\n\t\t\t\t<\/div>\n\t\t\t\t<\/div>\n\t\t\t\t\t<\/div>\n\t\t<\/div>\n\t\t\t\t\t\t\t<\/div>\n\t\t<\/section>\n\t\t\t\t\t\t<\/div>\n\t\t\t\t\t<\/div>\n\t\t","protected":false},"excerpt":{"rendered":"<p>Bygdef\u00f6reningen En f\u00f6rening som verkar f\u00f6r byn och dess inv\u00e5nare Vidsels Bygdef\u00f6rening Vidsels Bygdef\u00f6rening bildades 1981 och har som syfte att genom aktiva insatser v\u00e4rna om den egna bygdens fortlevnad och positiva utveckling. F\u00f6reningen anordnar m\u00e5nga olika event och aktiviteter i Vidsel b\u00e5de f\u00f6r byns inv\u00e5nare och andra bes\u00f6kare. Vill du l\u00e4sa mer om Vidsels &hellip;<\/p>\n<p class=\"read-more\"> <a class=\"\" href=\"https:\/\/vackra.vidsel.se\/?page_id=50\"> <span class=\"screen-reader-text\">Bygdef\u00f6reningen<\/span> L\u00e4s mer &raquo;<\/a><\/p>\n","protected":false},"author":2,"featured_media":0,"parent":0,"menu_order":0,"comment_status":"closed","ping_status":"closed","template":"","meta":[],"_links":{"self":[{"href":"https:\/\/vackra.vidsel.se\/index.php?rest_route=\/wp\/v2\/pages\/50"}],"collection":[{"href":"https:\/\/vackra.vidsel.se\/index.php?rest_route=\/wp\/v2\/pages"}],"about":[{"href":"https:\/\/vackra.vidsel.se\/index.php?rest_route=\/wp\/v2\/types\/page"}],"author":[{"embeddable":true,"href":"https:\/\/vackra.vidsel.se\/index.php?rest_route=\/wp\/v2\/users\/2"}],"replies":[{"embeddable":true,"href":"https:\/\/vackra.vidsel.se\/index.php?rest_route=%2Fwp%2Fv2%2Fcomments&post=50"}],"version-history":[{"count":85,"href":"https:\/\/vackra.vidsel.se\/index.php?rest_route=\/wp\/v2\/pages\/50\/revisions"}],"predecessor-version":[{"id":702,"href":"https:\/\/vackra.vidsel.se\/index.php?rest_route=\/wp\/v2\/pages\/50\/revisions\/702"}],"wp:attachment":[{"href":"https:\/\/vackra.vidsel.se\/index.php?rest_route=%2Fwp%2Fv2%2Fmedia&parent=50"}],"curies":[{"name":"wp","href":"https:\/\/api.w.org\/{rel}","templated":true}]}}